{"id":68,"date":"2015-11-01T22:43:58","date_gmt":"2015-11-02T01:43:58","guid":{"rendered":"http:\/\/colchaguagastronomico.cl\/?page_id=68"},"modified":"2019-09-14T13:05:55","modified_gmt":"2019-09-14T16:05:55","slug":"inicio","status":"publish","type":"page","link":"https:\/\/colchaguagastronomico.cl\/","title":{"rendered":"\u00a1Bienvenidos a Colchagua Gastron\u00f3mico!"},"content":{"rendered":"<p>Colchagua Gastron\u00f3mico\u00a0es un recorrido por los v\u00ednculos del vino con la gastronom\u00eda, el maridaje y la oferta de experiencias culinarias inolvidables,\u00a0destacando principalmente a la producci\u00f3n\u00a0de la zona.<\/p>\n<p><a href=\"https:\/\/colchaguagastronomico.cl\/wp-content\/uploads\/2019\/09\/Logo.jpg\"><img loading=\"lazy\" decoding=\"async\" class=\"size-medium wp-image-746 alignleft\" src=\"https:\/\/colchaguagastronomico.cl\/wp-content\/uploads\/2019\/09\/Logo-300x300.jpg\" alt=\"\" width=\"300\" height=\"300\" srcset=\"https:\/\/colchaguagastronomico.cl\/wp-content\/uploads\/2019\/09\/Logo-300x300.jpg 300w, https:\/\/colchaguagastronomico.cl\/wp-content\/uploads\/2019\/09\/Logo-150x150.jpg 150w, https:\/\/colchaguagastronomico.cl\/wp-content\/uploads\/2019\/09\/Logo-768x768.jpg 768w, https:\/\/colchaguagastronomico.cl\/wp-content\/uploads\/2019\/09\/Logo-1024x1024.jpg 1024w, https:\/\/colchaguagastronomico.cl\/wp-content\/uploads\/2019\/09\/Logo-100x100.jpg 100w, https:\/\/colchaguagastronomico.cl\/wp-content\/uploads\/2019\/09\/Logo.jpg 1366w\" sizes=\"auto, (max-width: 300px) 100vw, 300px\" \/><\/a><\/p>\n<p>Pero adem\u00e1s, es la invitaci\u00f3n a reconocer y rescatar la Cultura del Vino propia, sin dejar de lado la interesante realidad que tambi\u00e9n otros valles vitivin\u00edcolas de Chile nos puedan mostrar.<\/p>\n<p>\u00a1Salud!<\/p>\n\n<div class=\"twitter-share\"><a href=\"https:\/\/twitter.com\/intent\/tweet?via=colchaguagastro\" class=\"twitter-share-button\">Twittear<\/a><\/div>\n","protected":false},"excerpt":{"rendered":"<p>Colchagua Gastron\u00f3mico\u00a0es un recorrido por los v\u00ednculos del vino con la gastronom\u00eda, el maridaje y la oferta de experiencias culinarias inolvidables,\u00a0destacando principalmente a la producci\u00f3n\u00a0de la zona. Pero adem\u00e1s, es la invitaci\u00f3n a reconocer y rescatar la Cultura del Vino propia, sin dejar de lado la interesante realidad que tambi\u00e9n otros valles vitivin\u00edcolas de Chile [&hellip;]<\/p>\n","protected":false},"author":2,"featured_media":0,"parent":0,"menu_order":0,"comment_status":"closed","ping_status":"closed","template":"","meta":{"footnotes":""},"class_list":["post-68","page","type-page","status-publish","hentry","clearfix"],"_links":{"self":[{"href":"https:\/\/colchaguagastronomico.cl\/index.php\/wp-json\/wp\/v2\/pages\/68","targetHints":{"allow":["GET"]}}],"collection":[{"href":"https:\/\/colchaguagastronomico.cl\/index.php\/wp-json\/wp\/v2\/pages"}],"about":[{"href":"https:\/\/colchaguagastronomico.cl\/index.php\/wp-json\/wp\/v2\/types\/page"}],"author":[{"embeddable":true,"href":"https:\/\/colchaguagastronomico.cl\/index.php\/wp-json\/wp\/v2\/users\/2"}],"replies":[{"embeddable":true,"href":"https:\/\/colchaguagastronomico.cl\/index.php\/wp-json\/wp\/v2\/comments?post=68"}],"version-history":[{"count":6,"href":"https:\/\/colchaguagastronomico.cl\/index.php\/wp-json\/wp\/v2\/pages\/68\/revisions"}],"predecessor-version":[{"id":789,"href":"https:\/\/colchaguagastronomico.cl\/index.php\/wp-json\/wp\/v2\/pages\/68\/revisions\/789"}],"wp:attachment":[{"href":"https:\/\/colchaguagastronomico.cl\/index.php\/wp-json\/wp\/v2\/media?parent=68"}],"curies":[{"name":"wp","href":"https:\/\/api.w.org\/{rel}","templated":true}]}}