{"id":41,"date":"2015-10-14T03:27:19","date_gmt":"2015-10-14T03:27:19","guid":{"rendered":"http:\/\/colchaguagastronomico.cl\/?page_id=41"},"modified":"2019-09-14T16:55:19","modified_gmt":"2019-09-14T19:55:19","slug":"servicios","status":"publish","type":"page","link":"https:\/\/colchaguagastronomico.cl\/index.php\/servicios\/","title":{"rendered":"Servicios"},"content":{"rendered":"<p>En Colchagua Gastron\u00f3mico&nbsp;queremos ayudar a potenciar la imagen de marca de su empresa. C\u00f3mo?<\/p>\n<ol>\n<li><strong>Producci\u00f3n de Eventos<\/strong>. Actividades relacionadas al quehacer del vino y la gastronom\u00eda: lanzamientos, seminarios, ferias, entre otros.<\/li>\n<li><strong>Sommel<\/strong>i<strong>er<\/strong>. Cenas y\/o&nbsp;Almuerzos&nbsp;Maridajes, Sommelier Profesional a domicilio, Servicio de Vinos, Presentaci\u00f3n de nuevas marcas.<\/li>\n<li><strong>Fotograf\u00eda de vinos y gastronom\u00eda<\/strong>. El servicio que necesitas para nutrir tus RRSS.<\/li>\n<li><strong>Otros servicios<\/strong>: Hosting, asesor\u00eda en construcci\u00f3n y dise\u00f1o web.<\/li>\n<\/ol>\n\n<div class=\"twitter-share\"><a href=\"https:\/\/twitter.com\/intent\/tweet?via=colchaguagastro\" class=\"twitter-share-button\">Twittear<\/a><\/div>\n","protected":false},"excerpt":{"rendered":"<p>En Colchagua Gastron\u00f3mico&nbsp;queremos ayudar a potenciar la imagen de marca de su empresa. C\u00f3mo? Producci\u00f3n de Eventos. Actividades relacionadas al quehacer del vino y la gastronom\u00eda: lanzamientos, seminarios, ferias, entre otros. Sommelier. Cenas y\/o&nbsp;Almuerzos&nbsp;Maridajes, Sommelier Profesional a domicilio, Servicio de Vinos, Presentaci\u00f3n de nuevas marcas. Fotograf\u00eda de vinos y gastronom\u00eda. El servicio que necesitas para [&hellip;]<\/p>\n","protected":false},"author":2,"featured_media":0,"parent":0,"menu_order":4,"comment_status":"closed","ping_status":"closed","template":"","meta":{"footnotes":""},"class_list":["post-41","page","type-page","status-publish","hentry","clearfix"],"_links":{"self":[{"href":"https:\/\/colchaguagastronomico.cl\/index.php\/wp-json\/wp\/v2\/pages\/41","targetHints":{"allow":["GET"]}}],"collection":[{"href":"https:\/\/colchaguagastronomico.cl\/index.php\/wp-json\/wp\/v2\/pages"}],"about":[{"href":"https:\/\/colchaguagastronomico.cl\/index.php\/wp-json\/wp\/v2\/types\/page"}],"author":[{"embeddable":true,"href":"https:\/\/colchaguagastronomico.cl\/index.php\/wp-json\/wp\/v2\/users\/2"}],"replies":[{"embeddable":true,"href":"https:\/\/colchaguagastronomico.cl\/index.php\/wp-json\/wp\/v2\/comments?post=41"}],"version-history":[{"count":8,"href":"https:\/\/colchaguagastronomico.cl\/index.php\/wp-json\/wp\/v2\/pages\/41\/revisions"}],"predecessor-version":[{"id":770,"href":"https:\/\/colchaguagastronomico.cl\/index.php\/wp-json\/wp\/v2\/pages\/41\/revisions\/770"}],"wp:attachment":[{"href":"https:\/\/colchaguagastronomico.cl\/index.php\/wp-json\/wp\/v2\/media?parent=41"}],"curies":[{"name":"wp","href":"https:\/\/api.w.org\/{rel}","templated":true}]}}