{"id":2,"date":"2015-10-02T21:28:55","date_gmt":"2015-10-02T21:28:55","guid":{"rendered":"http:\/\/colchaguagastronomico.cl\/?page_id=2"},"modified":"2019-09-14T13:03:12","modified_gmt":"2019-09-14T16:03:12","slug":"nosotros","status":"publish","type":"page","link":"https:\/\/colchaguagastronomico.cl\/index.php\/nosotros\/","title":{"rendered":"Nosotros"},"content":{"rendered":"<p><strong><em>Colchagua Gastron\u00f3mico<\/em><\/strong> es&nbsp;el primer sitio creado para&nbsp;mostrar&nbsp;el quehacer&nbsp;de la elaboraci\u00f3n de&nbsp;vinos, junto a&nbsp;las tradiciones culinarias&nbsp;con valor ancestral&nbsp;que dan identidad a&nbsp;este valle vitivin\u00edcola de caracter\u00edsticas privilegiadas.<a href=\"https:\/\/colchaguagastronomico.cl\/wp-content\/uploads\/2019\/09\/Logo.jpg\"><img loading=\"lazy\" decoding=\"async\" class=\"size-medium wp-image-746 alignleft\" src=\"https:\/\/colchaguagastronomico.cl\/wp-content\/uploads\/2019\/09\/Logo-300x300.jpg\" alt=\"\" width=\"300\" height=\"300\" srcset=\"https:\/\/colchaguagastronomico.cl\/wp-content\/uploads\/2019\/09\/Logo-300x300.jpg 300w, https:\/\/colchaguagastronomico.cl\/wp-content\/uploads\/2019\/09\/Logo-150x150.jpg 150w, https:\/\/colchaguagastronomico.cl\/wp-content\/uploads\/2019\/09\/Logo-768x768.jpg 768w, https:\/\/colchaguagastronomico.cl\/wp-content\/uploads\/2019\/09\/Logo-1024x1024.jpg 1024w, https:\/\/colchaguagastronomico.cl\/wp-content\/uploads\/2019\/09\/Logo-100x100.jpg 100w, https:\/\/colchaguagastronomico.cl\/wp-content\/uploads\/2019\/09\/Logo.jpg 1366w\" sizes=\"auto, (max-width: 300px) 100vw, 300px\" \/><\/a><\/p>\n<p>Pretendemos ser un espacio pionero, donde&nbsp;esta bebida milenaria&nbsp;sea vista en el tiempo como uno de los grandes placeres de la gastronom\u00eda local, y en especial,&nbsp;que los vinos de Colchagua sean&nbsp;reconocidos en los hogares de los&nbsp;propios colchag\u00fcinos como un alimento m\u00e1s,&nbsp;esto es, como el acompa\u00f1amiento ideal de&nbsp;platos cotidianos&nbsp;o de determinadas preparaciones que lleven ese sello de tradici\u00f3n.<\/p>\n\n<div class=\"twitter-share\"><a href=\"https:\/\/twitter.com\/intent\/tweet?via=colchaguagastro\" class=\"twitter-share-button\">Twittear<\/a><\/div>\n","protected":false},"excerpt":{"rendered":"<p>Colchagua Gastron\u00f3mico es&nbsp;el primer sitio creado para&nbsp;mostrar&nbsp;el quehacer&nbsp;de la elaboraci\u00f3n de&nbsp;vinos, junto a&nbsp;las tradiciones culinarias&nbsp;con valor ancestral&nbsp;que dan identidad a&nbsp;este valle vitivin\u00edcola de caracter\u00edsticas privilegiadas. Pretendemos ser un espacio pionero, donde&nbsp;esta bebida milenaria&nbsp;sea vista en el tiempo como uno de los grandes placeres de la gastronom\u00eda local, y en especial,&nbsp;que los vinos de Colchagua sean&nbsp;reconocidos [&hellip;]<\/p>\n","protected":false},"author":2,"featured_media":0,"parent":0,"menu_order":0,"comment_status":"closed","ping_status":"closed","template":"","meta":{"footnotes":""},"class_list":["post-2","page","type-page","status-publish","hentry","clearfix"],"_links":{"self":[{"href":"https:\/\/colchaguagastronomico.cl\/index.php\/wp-json\/wp\/v2\/pages\/2","targetHints":{"allow":["GET"]}}],"collection":[{"href":"https:\/\/colchaguagastronomico.cl\/index.php\/wp-json\/wp\/v2\/pages"}],"about":[{"href":"https:\/\/colchaguagastronomico.cl\/index.php\/wp-json\/wp\/v2\/types\/page"}],"author":[{"embeddable":true,"href":"https:\/\/colchaguagastronomico.cl\/index.php\/wp-json\/wp\/v2\/users\/2"}],"replies":[{"embeddable":true,"href":"https:\/\/colchaguagastronomico.cl\/index.php\/wp-json\/wp\/v2\/comments?post=2"}],"version-history":[{"count":6,"href":"https:\/\/colchaguagastronomico.cl\/index.php\/wp-json\/wp\/v2\/pages\/2\/revisions"}],"predecessor-version":[{"id":749,"href":"https:\/\/colchaguagastronomico.cl\/index.php\/wp-json\/wp\/v2\/pages\/2\/revisions\/749"}],"wp:attachment":[{"href":"https:\/\/colchaguagastronomico.cl\/index.php\/wp-json\/wp\/v2\/media?parent=2"}],"curies":[{"name":"wp","href":"https:\/\/api.w.org\/{rel}","templated":true}]}}